{"id":18,"date":"2024-09-24T11:24:23","date_gmt":"2024-09-24T09:24:23","guid":{"rendered":"https:\/\/gille-gestaltung.de\/isabelle\/?page_id=18"},"modified":"2025-06-13T11:09:09","modified_gmt":"2025-06-13T09:09:09","slug":"impressum","status":"publish","type":"page","link":"https:\/\/schmidtberaten.tax\/en\/impressum\/","title":{"rendered":"Imprint"},"content":{"rendered":"<div data-elementor-type=\"wp-page\" data-elementor-id=\"18\" class=\"elementor elementor-18\">\n\t\t\t\t<div class=\"elementor-element elementor-element-0c70c84 e-flex e-con-boxed e-con e-parent\" data-id=\"0c70c84\" data-element_type=\"container\" data-settings=\"{&quot;background_background&quot;:&quot;classic&quot;}\">\n\t\t\t\t\t<div class=\"e-con-inner\">\n\t\t\t\t<div class=\"elementor-element elementor-element-8456499 elementor-widget elementor-widget-heading\" data-id=\"8456499\" data-element_type=\"widget\" data-widget_type=\"heading.default\">\n\t\t\t\t<div class=\"elementor-widget-container\">\n\t\t\t\t\t<h3 class=\"elementor-heading-title elementor-size-default\">Imprint<\/h3>\t\t\t\t<\/div>\n\t\t\t\t<\/div>\n\t\t\t\t\t<\/div>\n\t\t\t\t<\/div>\n\t\t<div class=\"elementor-element elementor-element-8f53cda e-flex e-con-boxed e-con e-parent\" data-id=\"8f53cda\" data-element_type=\"container\">\n\t\t\t\t\t<div class=\"e-con-inner\">\n\t\t<div class=\"elementor-element elementor-element-cb8b67c e-con-full e-flex e-con e-child\" data-id=\"cb8b67c\" data-element_type=\"container\">\n\t\t\t\t<div class=\"elementor-element elementor-element-0dd27e3 elementor-widget elementor-widget-heading\" data-id=\"0dd27e3\" data-element_type=\"widget\" data-widget_type=\"heading.default\">\n\t\t\t\t<div class=\"elementor-widget-container\">\n\t\t\t\t\t<h2 class=\"elementor-heading-title elementor-size-default\">SchmidtBeraten<\/h2>\t\t\t\t<\/div>\n\t\t\t\t<\/div>\n\t\t\t\t<div class=\"elementor-element elementor-element-d99e89a elementor-widget elementor-widget-text-editor\" data-id=\"d99e89a\" data-element_type=\"widget\" data-widget_type=\"text-editor.default\">\n\t\t\t\t<div class=\"elementor-widget-container\">\n\t\t\t\t\t\t\t\t\t<p>Inhaberin: Isabelle Varga-Schmidt, Steuerberaterin<\/p><p>Wilhelm-Fl\u00f6gel-Ring 54<br \/>60437 Frankfurt<\/p><p><a href=\"tel:+4915126107596\">069 408099580<\/a><br \/><a href=\"mailto:kanzlei@schmidtberaten.tax\">kanzlei@schmidtberaten.tax<\/a><br \/><a href=\"https:\/\/schmidtberaten.tax\/en\/\">www.schmidtberaten.tax<\/a><\/p>\t\t\t\t\t\t\t\t<\/div>\n\t\t\t\t<\/div>\n\t\t\t\t<div class=\"elementor-element elementor-element-3c0ad40 elementor-widget elementor-widget-spacer\" data-id=\"3c0ad40\" data-element_type=\"widget\" data-widget_type=\"spacer.default\">\n\t\t\t\t<div class=\"elementor-widget-container\">\n\t\t\t\t\t\t\t<div class=\"elementor-spacer\">\n\t\t\t<div class=\"elementor-spacer-inner\"><\/div>\n\t\t<\/div>\n\t\t\t\t\t\t<\/div>\n\t\t\t\t<\/div>\n\t\t\t\t<\/div>\n\t\t\t\t<div class=\"elementor-element elementor-element-1d30367 elementor-hidden-mobile elementor-widget elementor-widget-spacer\" data-id=\"1d30367\" data-element_type=\"widget\" data-widget_type=\"spacer.default\">\n\t\t\t\t<div class=\"elementor-widget-container\">\n\t\t\t\t\t\t\t<div class=\"elementor-spacer\">\n\t\t\t<div class=\"elementor-spacer-inner\"><\/div>\n\t\t<\/div>\n\t\t\t\t\t\t<\/div>\n\t\t\t\t<\/div>\n\t\t<div class=\"elementor-element elementor-element-1e7dbeb e-con-full e-flex e-con e-child\" data-id=\"1e7dbeb\" data-element_type=\"container\">\n\t\t\t\t<div class=\"elementor-element elementor-element-6ae20a9 elementor-widget elementor-widget-heading\" data-id=\"6ae20a9\" data-element_type=\"widget\" data-widget_type=\"heading.default\">\n\t\t\t\t<div class=\"elementor-widget-container\">\n\t\t\t\t\t<h3 class=\"elementor-heading-title elementor-size-default\">Berufsbezeichnung und berufsrechtliche Regelungen: <\/h3>\t\t\t\t<\/div>\n\t\t\t\t<\/div>\n\t\t\t\t<div class=\"elementor-element elementor-element-b28a24f elementor-widget elementor-widget-text-editor\" data-id=\"b28a24f\" data-element_type=\"widget\" data-widget_type=\"text-editor.default\">\n\t\t\t\t<div class=\"elementor-widget-container\">\n\t\t\t\t\t\t\t\t\t<p>Isabelle Varga-Schmidt | Steuerberaterin | verliehen in der\u00a0Bundesrepublik Deutschland<\/p>\t\t\t\t\t\t\t\t<\/div>\n\t\t\t\t<\/div>\n\t\t\t\t<div class=\"elementor-element elementor-element-b119103 elementor-widget elementor-widget-spacer\" data-id=\"b119103\" data-element_type=\"widget\" data-widget_type=\"spacer.default\">\n\t\t\t\t<div class=\"elementor-widget-container\">\n\t\t\t\t\t\t\t<div class=\"elementor-spacer\">\n\t\t\t<div class=\"elementor-spacer-inner\"><\/div>\n\t\t<\/div>\n\t\t\t\t\t\t<\/div>\n\t\t\t\t<\/div>\n\t\t\t\t<div class=\"elementor-element elementor-element-0c2ff14 elementor-widget elementor-widget-heading\" data-id=\"0c2ff14\" data-element_type=\"widget\" data-widget_type=\"heading.default\">\n\t\t\t\t<div class=\"elementor-widget-container\">\n\t\t\t\t\t<h3 class=\"elementor-heading-title elementor-size-default\">Zust\u00e4ndige Aufsichtsbeh\u00f6rde \/ zust\u00e4ndige Kammer:<\/h3>\t\t\t\t<\/div>\n\t\t\t\t<\/div>\n\t\t\t\t<div class=\"elementor-element elementor-element-75cbfc4 elementor-widget elementor-widget-text-editor\" data-id=\"75cbfc4\" data-element_type=\"widget\" data-widget_type=\"text-editor.default\">\n\t\t\t\t<div class=\"elementor-widget-container\">\n\t\t\t\t\t\t\t\t\t<div>Steuerberaterkammer Hessen<\/div><div>Bleichstra\u00dfe 1<\/div><div>60313 Frankfurt am Main<\/div><div><a class=\"cm_anchor\" href=\"https:\/\/www.stbk-hessen.de\/\" target=\"_blank\" rel=\"noreferrer noopener\">www.stbk-hessen.de<\/a><\/div><div>\u00a0<\/div><div><span style=\"text-decoration: underline;\">Es gelten folgende berufsrechtliche Regelungen:<\/span><br \/><br \/><\/div><div>Steuerberaterkammer Hessen einsehbar unter:<\/div><div><a href=\"https:\/\/www.stbk-hessen.de\/\">www.stbk-hessen.de<\/a><\/div><div><br \/>Bundessteuerberaterkammer einsehbar unter:<\/div><div><a href=\"https:\/\/www.bstbk.de\/de\/\">www.bstbk.de\/de<\/a><br \/><br \/>Angaben zur Berufshaftpflichtversicherung:<br \/>Allianz Versicherungs-AG, K\u00f6niginstra\u00dfe 28, 80802 M\u00fcnchen<\/div>\t\t\t\t\t\t\t\t<\/div>\n\t\t\t\t<\/div>\n\t\t\t\t<div class=\"elementor-element elementor-element-0a0da45 elementor-widget elementor-widget-spacer\" data-id=\"0a0da45\" data-element_type=\"widget\" data-widget_type=\"spacer.default\">\n\t\t\t\t<div class=\"elementor-widget-container\">\n\t\t\t\t\t\t\t<div class=\"elementor-spacer\">\n\t\t\t<div class=\"elementor-spacer-inner\"><\/div>\n\t\t<\/div>\n\t\t\t\t\t\t<\/div>\n\t\t\t\t<\/div>\n\t\t\t\t<div class=\"elementor-element elementor-element-0c5b78b elementor-widget elementor-widget-heading\" data-id=\"0c5b78b\" data-element_type=\"widget\" data-widget_type=\"heading.default\">\n\t\t\t\t<div class=\"elementor-widget-container\">\n\t\t\t\t\t<h4 class=\"elementor-heading-title elementor-size-default\">Brand-Design und Gestaltung<\/h4>\t\t\t\t<\/div>\n\t\t\t\t<\/div>\n\t\t\t\t<div class=\"elementor-element elementor-element-42a5e3d elementor-widget elementor-widget-text-editor\" data-id=\"42a5e3d\" data-element_type=\"widget\" data-widget_type=\"text-editor.default\">\n\t\t\t\t<div class=\"elementor-widget-container\">\n\t\t\t\t\t\t\t\t\t<p>Gille Gestaltung<br \/>Michael Gille, Diplom-Designer (FH)<\/p><p><a href=\"tel:+4917630331446\">0176 3033 1446<\/a><br \/><a href=\"https:\/\/www.gille-gestaltung.de\/\">www.gille-gestaltung.de<\/a><\/p>\t\t\t\t\t\t\t\t<\/div>\n\t\t\t\t<\/div>\n\t\t\t\t<div class=\"elementor-element elementor-element-6510cd1 elementor-widget elementor-widget-heading\" data-id=\"6510cd1\" data-element_type=\"widget\" data-widget_type=\"heading.default\">\n\t\t\t\t<div class=\"elementor-widget-container\">\n\t\t\t\t\t<h4 class=\"elementor-heading-title elementor-size-default\">IT und Datenschutz<\/h4>\t\t\t\t<\/div>\n\t\t\t\t<\/div>\n\t\t\t\t<div class=\"elementor-element elementor-element-0a5a94f elementor-widget elementor-widget-text-editor\" data-id=\"0a5a94f\" data-element_type=\"widget\" data-widget_type=\"text-editor.default\">\n\t\t\t\t<div class=\"elementor-widget-container\">\n\t\t\t\t\t\t\t\t\t<p>L1 Datenschutz GmbH<br \/><br \/>Hausbrunnenweg 1<br \/>34576 Homberg (Efze)<\/p><p><a href=\"tel:+4917630331446\">05681 93687250<\/a><br \/><a href=\"https:\/\/www.gille-gestaltung.de\/\">www.l1-datenschutz.de<\/a><\/p>\t\t\t\t\t\t\t\t<\/div>\n\t\t\t\t<\/div>\n\t\t\t\t<\/div>\n\t\t\t\t\t<\/div>\n\t\t\t\t<\/div>\n\t\t\t\t<\/div>","protected":false},"excerpt":{"rendered":"<p>Impressum SchmidtBeraten Inhaberin: Isabelle Varga-Schmidt, Steuerberaterin Wilhelm-Fl\u00f6gel-Ring 5460437 Frankfurt 069 408099580kanzlei@schmidtberaten.taxwww.schmidtberaten.tax Berufsbezeichnung und berufsrechtliche Regelungen: Isabelle Varga-Schmidt | Steuerberaterin | verliehen in der\u00a0Bundesrepublik Deutschland Zust\u00e4ndige Aufsichtsbeh\u00f6rde \/ zust\u00e4ndige Kammer: Steuerberaterkammer HessenBleichstra\u00dfe 160313 Frankfurt am Mainwww.stbk-hessen.de\u00a0Es gelten folgende berufsrechtliche Regelungen: Steuerberaterkammer Hessen einsehbar unter:www.stbk-hessen.deBundessteuerberaterkammer einsehbar unter:www.bstbk.de\/de Angaben zur Berufshaftpflichtversicherung:Allianz Versicherungs-AG, K\u00f6niginstra\u00dfe 28, 80802 M\u00fcnchen Brand-Design und &#8230; <a title=\"Imprint\" class=\"read-more\" href=\"https:\/\/schmidtberaten.tax\/en\/impressum\/\" aria-label=\"Read more about Impressum\">Read more<\/a><\/p>","protected":false},"author":1,"featured_media":0,"parent":0,"menu_order":0,"comment_status":"closed","ping_status":"closed","template":"elementor_header_footer","meta":{"footnotes":""},"class_list":["post-18","page","type-page","status-publish"],"yoast_head":"<!-- This site is optimized with the Yoast SEO plugin v26.8 - https:\/\/yoast.com\/product\/yoast-seo-wordpress\/ -->\n<title>Impressum - SchmidtBeraten<\/title>\n<meta name=\"description\" content=\"Steuern sind Chefsache: Mit langj\u00e4hriger Erfahrung und Fachkenntnissen in Steuerfragen stehe ich Ihnen beratend zur Seite.\" \/>\n<meta name=\"robots\" content=\"index, follow, max-snippet:-1, max-image-preview:large, max-video-preview:-1\" \/>\n<link rel=\"canonical\" href=\"https:\/\/schmidtberaten.tax\/en\/impressum\/\" \/>\n<meta property=\"og:locale\" content=\"en_GB\" \/>\n<meta property=\"og:type\" content=\"article\" \/>\n<meta property=\"og:title\" content=\"Impressum - SchmidtBeraten\" \/>\n<meta property=\"og:description\" content=\"Steuern sind Chefsache: Mit langj\u00e4hriger Erfahrung und Fachkenntnissen in Steuerfragen stehe ich Ihnen beratend zur Seite.\" \/>\n<meta property=\"og:url\" content=\"https:\/\/schmidtberaten.tax\/en\/impressum\/\" \/>\n<meta property=\"og:site_name\" content=\"SchmidtBeraten\" \/>\n<meta property=\"article:modified_time\" content=\"2025-06-13T09:09:09+00:00\" \/>\n<meta name=\"twitter:card\" content=\"summary_large_image\" \/>\n<meta name=\"twitter:label1\" content=\"Estimated reading time\" \/>\n\t<meta name=\"twitter:data1\" content=\"1 minute\" \/>\n<script type=\"application\/ld+json\" class=\"yoast-schema-graph\">{\"@context\":\"https:\/\/schema.org\",\"@graph\":[{\"@type\":\"WebPage\",\"@id\":\"https:\/\/schmidtberaten.tax\/impressum\/\",\"url\":\"https:\/\/schmidtberaten.tax\/impressum\/\",\"name\":\"Impressum - SchmidtBeraten\",\"isPartOf\":{\"@id\":\"https:\/\/schmidtberaten.tax\/#website\"},\"datePublished\":\"2024-09-24T09:24:23+00:00\",\"dateModified\":\"2025-06-13T09:09:09+00:00\",\"description\":\"Steuern sind Chefsache: Mit langj\u00e4hriger Erfahrung und Fachkenntnissen in Steuerfragen stehe ich Ihnen beratend zur Seite.\",\"breadcrumb\":{\"@id\":\"https:\/\/schmidtberaten.tax\/impressum\/#breadcrumb\"},\"inLanguage\":\"en-GB\",\"potentialAction\":[{\"@type\":\"ReadAction\",\"target\":[\"https:\/\/schmidtberaten.tax\/impressum\/\"]}]},{\"@type\":\"BreadcrumbList\",\"@id\":\"https:\/\/schmidtberaten.tax\/impressum\/#breadcrumb\",\"itemListElement\":[{\"@type\":\"ListItem\",\"position\":1,\"name\":\"Startseite\",\"item\":\"https:\/\/schmidtberaten.tax\/\"},{\"@type\":\"ListItem\",\"position\":2,\"name\":\"Impressum\"}]},{\"@type\":\"WebSite\",\"@id\":\"https:\/\/schmidtberaten.tax\/#website\",\"url\":\"https:\/\/schmidtberaten.tax\/\",\"name\":\"SchmidtBeraten\",\"description\":\"Digitale Steuerberatung\",\"publisher\":{\"@id\":\"https:\/\/schmidtberaten.tax\/#organization\"},\"potentialAction\":[{\"@type\":\"SearchAction\",\"target\":{\"@type\":\"EntryPoint\",\"urlTemplate\":\"https:\/\/schmidtberaten.tax\/?s={search_term_string}\"},\"query-input\":{\"@type\":\"PropertyValueSpecification\",\"valueRequired\":true,\"valueName\":\"search_term_string\"}}],\"inLanguage\":\"en-GB\"},{\"@type\":\"Organization\",\"@id\":\"https:\/\/schmidtberaten.tax\/#organization\",\"name\":\"SchmidtBeraten\",\"url\":\"https:\/\/schmidtberaten.tax\/\",\"logo\":{\"@type\":\"ImageObject\",\"inLanguage\":\"en-GB\",\"@id\":\"https:\/\/schmidtberaten.tax\/#\/schema\/logo\/image\/\",\"url\":\"https:\/\/schmidtberaten.tax\/wp-content\/uploads\/2024\/10\/schmidtberatentax-logo.png\",\"contentUrl\":\"https:\/\/schmidtberaten.tax\/wp-content\/uploads\/2024\/10\/schmidtberatentax-logo.png\",\"width\":2000,\"height\":850,\"caption\":\"SchmidtBeraten\"},\"image\":{\"@id\":\"https:\/\/schmidtberaten.tax\/#\/schema\/logo\/image\/\"}}]}<\/script>\n<!-- \/ Yoast SEO plugin. -->","yoast_head_json":{"title":"Impressum - SchmidtBeraten","description":"Steuern sind Chefsache: Mit langj\u00e4hriger Erfahrung und Fachkenntnissen in Steuerfragen stehe ich Ihnen beratend zur Seite.","robots":{"index":"index","follow":"follow","max-snippet":"max-snippet:-1","max-image-preview":"max-image-preview:large","max-video-preview":"max-video-preview:-1"},"canonical":"https:\/\/schmidtberaten.tax\/en\/impressum\/","og_locale":"en_GB","og_type":"article","og_title":"Impressum - SchmidtBeraten","og_description":"Steuern sind Chefsache: Mit langj\u00e4hriger Erfahrung und Fachkenntnissen in Steuerfragen stehe ich Ihnen beratend zur Seite.","og_url":"https:\/\/schmidtberaten.tax\/en\/impressum\/","og_site_name":"SchmidtBeraten","article_modified_time":"2025-06-13T09:09:09+00:00","twitter_card":"summary_large_image","twitter_misc":{"Estimated reading time":"1 minute"},"schema":{"@context":"https:\/\/schema.org","@graph":[{"@type":"WebPage","@id":"https:\/\/schmidtberaten.tax\/impressum\/","url":"https:\/\/schmidtberaten.tax\/impressum\/","name":"Impressum - SchmidtBeraten","isPartOf":{"@id":"https:\/\/schmidtberaten.tax\/#website"},"datePublished":"2024-09-24T09:24:23+00:00","dateModified":"2025-06-13T09:09:09+00:00","description":"Steuern sind Chefsache: Mit langj\u00e4hriger Erfahrung und Fachkenntnissen in Steuerfragen stehe ich Ihnen beratend zur Seite.","breadcrumb":{"@id":"https:\/\/schmidtberaten.tax\/impressum\/#breadcrumb"},"inLanguage":"en-GB","potentialAction":[{"@type":"ReadAction","target":["https:\/\/schmidtberaten.tax\/impressum\/"]}]},{"@type":"BreadcrumbList","@id":"https:\/\/schmidtberaten.tax\/impressum\/#breadcrumb","itemListElement":[{"@type":"ListItem","position":1,"name":"Startseite","item":"https:\/\/schmidtberaten.tax\/"},{"@type":"ListItem","position":2,"name":"Impressum"}]},{"@type":"WebSite","@id":"https:\/\/schmidtberaten.tax\/#website","url":"https:\/\/schmidtberaten.tax\/","name":"SchmidtBeraten","description":"Digital Tax Consulting","publisher":{"@id":"https:\/\/schmidtberaten.tax\/#organization"},"potentialAction":[{"@type":"SearchAction","target":{"@type":"EntryPoint","urlTemplate":"https:\/\/schmidtberaten.tax\/?s={search_term_string}"},"query-input":{"@type":"PropertyValueSpecification","valueRequired":true,"valueName":"search_term_string"}}],"inLanguage":"en-GB"},{"@type":"Organization","@id":"https:\/\/schmidtberaten.tax\/#organization","name":"SchmidtBeraten","url":"https:\/\/schmidtberaten.tax\/","logo":{"@type":"ImageObject","inLanguage":"en-GB","@id":"https:\/\/schmidtberaten.tax\/#\/schema\/logo\/image\/","url":"https:\/\/schmidtberaten.tax\/wp-content\/uploads\/2024\/10\/schmidtberatentax-logo.png","contentUrl":"https:\/\/schmidtberaten.tax\/wp-content\/uploads\/2024\/10\/schmidtberatentax-logo.png","width":2000,"height":850,"caption":"SchmidtBeraten"},"image":{"@id":"https:\/\/schmidtberaten.tax\/#\/schema\/logo\/image\/"}}]}},"_links":{"self":[{"href":"https:\/\/schmidtberaten.tax\/en\/wp-json\/wp\/v2\/pages\/18","targetHints":{"allow":["GET"]}}],"collection":[{"href":"https:\/\/schmidtberaten.tax\/en\/wp-json\/wp\/v2\/pages"}],"about":[{"href":"https:\/\/schmidtberaten.tax\/en\/wp-json\/wp\/v2\/types\/page"}],"author":[{"embeddable":true,"href":"https:\/\/schmidtberaten.tax\/en\/wp-json\/wp\/v2\/users\/1"}],"replies":[{"embeddable":true,"href":"https:\/\/schmidtberaten.tax\/en\/wp-json\/wp\/v2\/comments?post=18"}],"version-history":[{"count":40,"href":"https:\/\/schmidtberaten.tax\/en\/wp-json\/wp\/v2\/pages\/18\/revisions"}],"predecessor-version":[{"id":520,"href":"https:\/\/schmidtberaten.tax\/en\/wp-json\/wp\/v2\/pages\/18\/revisions\/520"}],"wp:attachment":[{"href":"https:\/\/schmidtberaten.tax\/en\/wp-json\/wp\/v2\/media?parent=18"}],"curies":[{"name":"wp","href":"https:\/\/api.w.org\/{rel}","templated":true}]}}