{"id":31,"date":"2024-09-24T12:04:33","date_gmt":"2024-09-24T10:04:33","guid":{"rendered":"https:\/\/gille-gestaltung.de\/isabelle\/?page_id=31"},"modified":"2025-10-17T16:39:02","modified_gmt":"2025-10-17T14:39:02","slug":"kanzlei","status":"publish","type":"page","link":"https:\/\/schmidtberaten.tax\/en\/kanzlei\/","title":{"rendered":"Tax Firm"},"content":{"rendered":"<div data-elementor-type=\"wp-page\" data-elementor-id=\"31\" class=\"elementor elementor-31\">\n\t\t\t\t<div class=\"elementor-element elementor-element-d27068c e-flex e-con-boxed e-con e-parent\" data-id=\"d27068c\" data-element_type=\"container\" data-settings=\"{&quot;background_background&quot;:&quot;classic&quot;}\">\n\t\t\t\t\t<div class=\"e-con-inner\">\n\t\t\t\t<div class=\"elementor-element elementor-element-03e6f54 elementor-widget elementor-widget-heading\" data-id=\"03e6f54\" data-element_type=\"widget\" data-widget_type=\"heading.default\">\n\t\t\t\t<div class=\"elementor-widget-container\">\n\t\t\t\t\t<h3 class=\"elementor-heading-title elementor-size-default\">Tax | Advisory | Digital<\/h3>\t\t\t\t<\/div>\n\t\t\t\t<\/div>\n\t\t\t\t\t<\/div>\n\t\t\t\t<\/div>\n\t\t<div class=\"elementor-element elementor-element-9ed43b6 e-flex e-con-boxed e-con e-parent\" data-id=\"9ed43b6\" data-element_type=\"container\">\n\t\t\t\t\t<div class=\"e-con-inner\">\n\t\t\t\t<div class=\"elementor-element elementor-element-10603d7 elementor-widget elementor-widget-heading\" data-id=\"10603d7\" data-element_type=\"widget\" data-widget_type=\"heading.default\">\n\t\t\t\t<div class=\"elementor-widget-container\">\n\t\t\t\t\t<h3 class=\"elementor-heading-title elementor-size-default\">Tax Firm<\/h3>\t\t\t\t<\/div>\n\t\t\t\t<\/div>\n\t\t\t\t<div class=\"elementor-element elementor-element-792b88d elementor-widget elementor-widget-heading\" data-id=\"792b88d\" data-element_type=\"widget\" data-widget_type=\"heading.default\">\n\t\t\t\t<div class=\"elementor-widget-container\">\n\t\t\t\t\t<h1 class=\"elementor-heading-title elementor-size-default\">Trust and Competence<\/h1>\t\t\t\t<\/div>\n\t\t\t\t<\/div>\n\t\t\t\t\t<\/div>\n\t\t\t\t<\/div>\n\t\t<div class=\"elementor-element elementor-element-33a950a e-flex e-con-boxed e-con e-parent\" data-id=\"33a950a\" data-element_type=\"container\" data-settings=\"{&quot;background_background&quot;:&quot;gradient&quot;}\">\n\t\t\t\t\t<div class=\"e-con-inner\">\n\t\t\t\t<div class=\"elementor-element elementor-element-ada719f elementor-widget elementor-widget-spacer\" data-id=\"ada719f\" data-element_type=\"widget\" data-widget_type=\"spacer.default\">\n\t\t\t\t<div class=\"elementor-widget-container\">\n\t\t\t\t\t\t\t<div class=\"elementor-spacer\">\n\t\t\t<div class=\"elementor-spacer-inner\"><\/div>\n\t\t<\/div>\n\t\t\t\t\t\t<\/div>\n\t\t\t\t<\/div>\n\t\t\t\t\t<\/div>\n\t\t\t\t<\/div>\n\t\t<div class=\"elementor-element elementor-element-063d300 e-flex e-con-boxed e-con e-parent\" data-id=\"063d300\" data-element_type=\"container\" data-settings=\"{&quot;background_background&quot;:&quot;classic&quot;}\">\n\t\t\t\t\t<div class=\"e-con-inner\">\n\t\t<div class=\"elementor-element elementor-element-215233f e-con-full e-flex e-con e-child\" data-id=\"215233f\" data-element_type=\"container\">\n\t\t\t\t<div class=\"elementor-element elementor-element-09a5442 elementor-widget elementor-widget-text-editor\" data-id=\"09a5442\" data-element_type=\"widget\" data-widget_type=\"text-editor.default\">\n\t\t\t\t<div class=\"elementor-widget-container\">\n\t\t\t\t\t\t\t\t\t<p>With many years of experience and expertise in tax advisory, I provide reliable support.\u00a0<\/p><p>My focus is on individualized guidance to ensure the optimal structuring of your tax situation.<\/p>\t\t\t\t\t\t\t\t<\/div>\n\t\t\t\t<\/div>\n\t\t\t\t<\/div>\n\t\t\t\t<div class=\"elementor-element elementor-element-7bad677 elementor-hidden-mobile elementor-widget elementor-widget-spacer\" data-id=\"7bad677\" data-element_type=\"widget\" data-widget_type=\"spacer.default\">\n\t\t\t\t<div class=\"elementor-widget-container\">\n\t\t\t\t\t\t\t<div class=\"elementor-spacer\">\n\t\t\t<div class=\"elementor-spacer-inner\"><\/div>\n\t\t<\/div>\n\t\t\t\t\t\t<\/div>\n\t\t\t\t<\/div>\n\t\t<div class=\"elementor-element elementor-element-6c8d009 e-con-full e-flex e-con e-child\" data-id=\"6c8d009\" data-element_type=\"container\">\n\t\t\t\t<div class=\"elementor-element elementor-element-912aeb8 elementor-widget elementor-widget-text-editor\" data-id=\"912aeb8\" data-element_type=\"widget\" data-widget_type=\"text-editor.default\">\n\t\t\t\t<div class=\"elementor-widget-container\">\n\t\t\t\t\t\t\t\t\t<p>I understand the individual needs and requirements of my clients and develop tailored solutions that meet their specific demands. Through personal guidance and close collaboration, I build trust and provide security for long-term, successful tax planning.<\/p><p>Trust my long-standing expertise to professionally manage your taxes and support your goals.<\/p>\t\t\t\t\t\t\t\t<\/div>\n\t\t\t\t<\/div>\n\t\t\t\t<\/div>\n\t\t\t\t\t<\/div>\n\t\t\t\t<\/div>\n\t\t<div class=\"elementor-element elementor-element-7031c61 e-flex e-con-boxed e-con e-parent\" data-id=\"7031c61\" data-element_type=\"container\" data-settings=\"{&quot;background_background&quot;:&quot;classic&quot;}\">\n\t\t\t\t\t<div class=\"e-con-inner\">\n\t\t\t\t<div class=\"elementor-element elementor-element-3692dfe elementor-widget elementor-widget-heading\" data-id=\"3692dfe\" data-element_type=\"widget\" data-widget_type=\"heading.default\">\n\t\t\t\t<div class=\"elementor-widget-container\">\n\t\t\t\t\t<h3 class=\"elementor-heading-title elementor-size-default\">Get in Touch<\/h3>\t\t\t\t<\/div>\n\t\t\t\t<\/div>\n\t\t\t\t<div class=\"elementor-element elementor-element-2507e6c elementor-widget elementor-widget-button\" data-id=\"2507e6c\" data-element_type=\"widget\" data-widget_type=\"button.default\">\n\t\t\t\t<div class=\"elementor-widget-container\">\n\t\t\t\t\t\t\t\t\t<div class=\"elementor-button-wrapper\">\n\t\t\t\t\t<a class=\"elementor-button elementor-button-link elementor-size-sm\" href=\"http:\/\/+49069408099580\">\n\t\t\t\t\t\t<span class=\"elementor-button-content-wrapper\">\n\t\t\t\t\t\t<span class=\"elementor-button-icon\">\n\t\t\t\t<svg aria-hidden=\"true\" class=\"e-font-icon-svg e-fas-phone-alt\" viewbox=\"0 0 512 512\" xmlns=\"http:\/\/www.w3.org\/2000\/svg\"><path d=\"M497.39 361.8l-112-48a24 24 0 0 0-28 6.9l-49.6 60.6A370.66 370.66 0 0 1 130.6 204.11l60.6-49.6a23.94 23.94 0 0 0 6.9-28l-48-112A24.16 24.16 0 0 0 122.6.61l-104 24A24 24 0 0 0 0 48c0 256.5 207.9 464 464 464a24 24 0 0 0 23.4-18.6l24-104a24.29 24.29 0 0 0-14.01-27.6z\"><\/path><\/svg>\t\t\t<\/span>\n\t\t\t\t\t\t\t\t\t<span class=\"elementor-button-text\">069 408099580<\/span>\n\t\t\t\t\t<\/span>\n\t\t\t\t\t<\/a>\n\t\t\t\t<\/div>\n\t\t\t\t\t\t\t\t<\/div>\n\t\t\t\t<\/div>\n\t\t\t\t<div class=\"elementor-element elementor-element-744e11c elementor-widget elementor-widget-button\" data-id=\"744e11c\" data-element_type=\"widget\" data-widget_type=\"button.default\">\n\t\t\t\t<div class=\"elementor-widget-container\">\n\t\t\t\t\t\t\t\t\t<div class=\"elementor-button-wrapper\">\n\t\t\t\t\t<a class=\"elementor-button elementor-button-link elementor-size-sm\" href=\"mailto:kanzlei@schmidtberaten.tax\">\n\t\t\t\t\t\t<span class=\"elementor-button-content-wrapper\">\n\t\t\t\t\t\t<span class=\"elementor-button-icon\">\n\t\t\t\t<svg aria-hidden=\"true\" class=\"e-font-icon-svg e-far-paper-plane\" viewbox=\"0 0 512 512\" xmlns=\"http:\/\/www.w3.org\/2000\/svg\"><path d=\"M440 6.5L24 246.4c-34.4 19.9-31.1 70.8 5.7 85.9L144 379.6V464c0 46.4 59.2 65.5 86.6 28.6l43.8-59.1 111.9 46.2c5.9 2.4 12.1 3.6 18.3 3.6 8.2 0 16.3-2.1 23.6-6.2 12.8-7.2 21.6-20 23.9-34.5l59.4-387.2c6.1-40.1-36.9-68.8-71.5-48.9zM192 464v-64.6l36.6 15.1L192 464zm212.6-28.7l-153.8-63.5L391 169.5c10.7-15.5-9.5-33.5-23.7-21.2L155.8 332.6 48 288 464 48l-59.4 387.3z\"><\/path><\/svg>\t\t\t<\/span>\n\t\t\t\t\t\t\t\t\t<span class=\"elementor-button-text\">kanzlei@schmidtberaten.tax<\/span>\n\t\t\t\t\t<\/span>\n\t\t\t\t\t<\/a>\n\t\t\t\t<\/div>\n\t\t\t\t\t\t\t\t<\/div>\n\t\t\t\t<\/div>\n\t\t\t\t\t<\/div>\n\t\t\t\t<\/div>\n\t\t<div class=\"elementor-element elementor-element-3db3453 e-flex e-con-boxed e-con e-parent\" data-id=\"3db3453\" data-element_type=\"container\">\n\t\t\t\t\t<div class=\"e-con-inner\">\n\t\t<div class=\"elementor-element elementor-element-54924db e-con-full e-flex e-con e-child\" data-id=\"54924db\" data-element_type=\"container\">\n\t\t\t\t<div class=\"elementor-element elementor-element-d0ee797 elementor-widget elementor-widget-image\" data-id=\"d0ee797\" data-element_type=\"widget\" data-widget_type=\"image.default\">\n\t\t\t\t<div class=\"elementor-widget-container\">\n\t\t\t\t\t\t\t\t\t\t\t\t\t\t\t<img fetchpriority=\"high\" decoding=\"async\" width=\"1000\" height=\"850\" src=\"https:\/\/schmidtberaten.tax\/wp-content\/uploads\/2024\/10\/schmidt-logo_weiss.png\" class=\"attachment-full size-full wp-image-441\" alt=\"\" srcset=\"https:\/\/schmidtberaten.tax\/wp-content\/uploads\/2024\/10\/schmidt-logo_weiss.png 1000w, https:\/\/schmidtberaten.tax\/wp-content\/uploads\/2024\/10\/schmidt-logo_weiss-300x255.png 300w, https:\/\/schmidtberaten.tax\/wp-content\/uploads\/2024\/10\/schmidt-logo_weiss-768x653.png 768w\" sizes=\"(max-width: 1000px) 100vw, 1000px\" \/>\t\t\t\t\t\t\t\t\t\t\t\t\t\t\t<\/div>\n\t\t\t\t<\/div>\n\t\t\t\t<div class=\"elementor-element elementor-element-7b19b2e elementor-widget elementor-widget-heading\" data-id=\"7b19b2e\" data-element_type=\"widget\" data-widget_type=\"heading.default\">\n\t\t\t\t<div class=\"elementor-widget-container\">\n\t\t\t\t\t<h2 class=\"elementor-heading-title elementor-size-default\">\nIsabelle Varga-Schmidt<\/h2>\t\t\t\t<\/div>\n\t\t\t\t<\/div>\n\t\t\t\t<div class=\"elementor-element elementor-element-b5c99eb elementor-widget elementor-widget-heading\" data-id=\"b5c99eb\" data-element_type=\"widget\" data-widget_type=\"heading.default\">\n\t\t\t\t<div class=\"elementor-widget-container\">\n\t\t\t\t\t<h3 class=\"elementor-heading-title elementor-size-default\">Tax Advisor &amp; Owner<\/h3>\t\t\t\t<\/div>\n\t\t\t\t<\/div>\n\t\t\t\t<div class=\"elementor-element elementor-element-4c3489b elementor-widget elementor-widget-spacer\" data-id=\"4c3489b\" data-element_type=\"widget\" data-widget_type=\"spacer.default\">\n\t\t\t\t<div class=\"elementor-widget-container\">\n\t\t\t\t\t\t\t<div class=\"elementor-spacer\">\n\t\t\t<div class=\"elementor-spacer-inner\"><\/div>\n\t\t<\/div>\n\t\t\t\t\t\t<\/div>\n\t\t\t\t<\/div>\n\t\t\t\t<\/div>\n\t\t<div class=\"elementor-element elementor-element-112db0f e-con-full e-flex e-con e-child\" data-id=\"112db0f\" data-element_type=\"container\">\n\t\t\t\t<div class=\"elementor-element elementor-element-265fabf elementor-widget elementor-widget-text-editor\" data-id=\"265fabf\" data-element_type=\"widget\" data-widget_type=\"text-editor.default\">\n\t\t\t\t<div class=\"elementor-widget-container\">\n\t\t\t\t\t\t\t\t\t<p>After graduating in 2003 with a degree in Business Administration, specializing in Taxation and Auditing, I began my professional career in the fields of tax consulting and auditing.<\/p><p>Over the years, I have developed a strong focus on advising high-net-worth individuals, professionals in the healthcare sector (particularly medical practitioners), cross-border tax matters, investment structures, and auditing. This has allowed me to deepen my expertise in these complex areas.<\/p><p>In addition, I am a certified advisor in real estate taxation and property management (IFU \/ ISM gGmbH), enabling me to offer my clients comprehensive and specialized consulting services.<\/p><p>My professional journey has provided me with a broad range of insights and experiences, which I draw upon to develop tailored solutions for the individual tax needs of my clients.<\/p><p>I look forward to applying my knowledge and expertise to support you in successfully navigating your tax-related challenges.<\/p>\t\t\t\t\t\t\t\t<\/div>\n\t\t\t\t<\/div>\n\t\t\t\t<\/div>\n\t\t\t\t\t<\/div>\n\t\t\t\t<\/div>\n\t\t\t\t<\/div>","protected":false},"excerpt":{"rendered":"<p>Steuern | Beratung | Digital Kanzlei Vertrauen und Kompetenz Mit langj\u00e4hriger Erfahrung und Fachkenntnissen in der steuerlichen Beratung stehe ich Ihnen verl\u00e4sslich zur Seite.\u00a0 Mein Fokus liegt dabei auf der individuellen Betreuung, um eine optimale Gestaltung ihrer steuerlichen Situation zu gew\u00e4hrleisten. Ich verstehe die individuellen Bed\u00fcrfnisse und Anforderungen meiner Klienten und entwickle ma\u00dfgeschneiderte L\u00f6sungen, die &#8230; <a title=\"Tax Firm\" class=\"read-more\" href=\"https:\/\/schmidtberaten.tax\/en\/kanzlei\/\" aria-label=\"Read more about Kanzlei\">Read more<\/a><\/p>","protected":false},"author":1,"featured_media":0,"parent":0,"menu_order":0,"comment_status":"closed","ping_status":"closed","template":"elementor_header_footer","meta":{"footnotes":""},"class_list":["post-31","page","type-page","status-publish"],"yoast_head":"<!-- This site is optimized with the Yoast SEO plugin v26.8 - https:\/\/yoast.com\/product\/yoast-seo-wordpress\/ -->\n<title>Kanzlei - SchmidtBeraten<\/title>\n<meta name=\"description\" content=\"Mit langj\u00e4hriger Erfahrung als Steuerberaterin liegt mein Fokus auf der individuellen Betreuung, um eine optimale Gestaltung.\" \/>\n<meta name=\"robots\" content=\"index, follow, max-snippet:-1, max-image-preview:large, max-video-preview:-1\" \/>\n<link rel=\"canonical\" href=\"https:\/\/schmidtberaten.tax\/en\/kanzlei\/\" \/>\n<meta property=\"og:locale\" content=\"en_GB\" \/>\n<meta property=\"og:type\" content=\"article\" \/>\n<meta property=\"og:title\" content=\"Kanzlei - SchmidtBeraten\" \/>\n<meta property=\"og:description\" content=\"Mit langj\u00e4hriger Erfahrung als Steuerberaterin liegt mein Fokus auf der individuellen Betreuung, um eine optimale Gestaltung.\" \/>\n<meta property=\"og:url\" content=\"https:\/\/schmidtberaten.tax\/en\/kanzlei\/\" \/>\n<meta property=\"og:site_name\" content=\"SchmidtBeraten\" \/>\n<meta property=\"article:modified_time\" content=\"2025-10-17T14:39:02+00:00\" \/>\n<meta property=\"og:image\" content=\"https:\/\/schmidtberaten.tax\/wp-content\/uploads\/2024\/10\/schmidt-logo_weiss.png\" \/>\n\t<meta property=\"og:image:width\" content=\"1000\" \/>\n\t<meta property=\"og:image:height\" content=\"850\" \/>\n\t<meta property=\"og:image:type\" content=\"image\/png\" \/>\n<meta name=\"twitter:card\" content=\"summary_large_image\" \/>\n<meta name=\"twitter:label1\" content=\"Estimated reading time\" \/>\n\t<meta name=\"twitter:data1\" content=\"2 minutes\" \/>\n<script type=\"application\/ld+json\" class=\"yoast-schema-graph\">{\"@context\":\"https:\/\/schema.org\",\"@graph\":[{\"@type\":\"WebPage\",\"@id\":\"https:\/\/schmidtberaten.tax\/kanzlei\/\",\"url\":\"https:\/\/schmidtberaten.tax\/kanzlei\/\",\"name\":\"Kanzlei - SchmidtBeraten\",\"isPartOf\":{\"@id\":\"https:\/\/schmidtberaten.tax\/#website\"},\"primaryImageOfPage\":{\"@id\":\"https:\/\/schmidtberaten.tax\/kanzlei\/#primaryimage\"},\"image\":{\"@id\":\"https:\/\/schmidtberaten.tax\/kanzlei\/#primaryimage\"},\"thumbnailUrl\":\"https:\/\/schmidtberaten.tax\/wp-content\/uploads\/2024\/10\/schmidt-logo_weiss.png\",\"datePublished\":\"2024-09-24T10:04:33+00:00\",\"dateModified\":\"2025-10-17T14:39:02+00:00\",\"description\":\"Mit langj\u00e4hriger Erfahrung als Steuerberaterin liegt mein Fokus auf der individuellen Betreuung, um eine optimale Gestaltung.\",\"breadcrumb\":{\"@id\":\"https:\/\/schmidtberaten.tax\/kanzlei\/#breadcrumb\"},\"inLanguage\":\"en-GB\",\"potentialAction\":[{\"@type\":\"ReadAction\",\"target\":[\"https:\/\/schmidtberaten.tax\/kanzlei\/\"]}]},{\"@type\":\"ImageObject\",\"inLanguage\":\"en-GB\",\"@id\":\"https:\/\/schmidtberaten.tax\/kanzlei\/#primaryimage\",\"url\":\"https:\/\/schmidtberaten.tax\/wp-content\/uploads\/2024\/10\/schmidt-logo_weiss.png\",\"contentUrl\":\"https:\/\/schmidtberaten.tax\/wp-content\/uploads\/2024\/10\/schmidt-logo_weiss.png\"},{\"@type\":\"BreadcrumbList\",\"@id\":\"https:\/\/schmidtberaten.tax\/kanzlei\/#breadcrumb\",\"itemListElement\":[{\"@type\":\"ListItem\",\"position\":1,\"name\":\"Startseite\",\"item\":\"https:\/\/schmidtberaten.tax\/\"},{\"@type\":\"ListItem\",\"position\":2,\"name\":\"Kanzlei\"}]},{\"@type\":\"WebSite\",\"@id\":\"https:\/\/schmidtberaten.tax\/#website\",\"url\":\"https:\/\/schmidtberaten.tax\/\",\"name\":\"SchmidtBeraten\",\"description\":\"Digitale Steuerberatung\",\"publisher\":{\"@id\":\"https:\/\/schmidtberaten.tax\/#organization\"},\"potentialAction\":[{\"@type\":\"SearchAction\",\"target\":{\"@type\":\"EntryPoint\",\"urlTemplate\":\"https:\/\/schmidtberaten.tax\/?s={search_term_string}\"},\"query-input\":{\"@type\":\"PropertyValueSpecification\",\"valueRequired\":true,\"valueName\":\"search_term_string\"}}],\"inLanguage\":\"en-GB\"},{\"@type\":\"Organization\",\"@id\":\"https:\/\/schmidtberaten.tax\/#organization\",\"name\":\"SchmidtBeraten\",\"url\":\"https:\/\/schmidtberaten.tax\/\",\"logo\":{\"@type\":\"ImageObject\",\"inLanguage\":\"en-GB\",\"@id\":\"https:\/\/schmidtberaten.tax\/#\/schema\/logo\/image\/\",\"url\":\"https:\/\/schmidtberaten.tax\/wp-content\/uploads\/2024\/10\/schmidtberatentax-logo.png\",\"contentUrl\":\"https:\/\/schmidtberaten.tax\/wp-content\/uploads\/2024\/10\/schmidtberatentax-logo.png\",\"width\":2000,\"height\":850,\"caption\":\"SchmidtBeraten\"},\"image\":{\"@id\":\"https:\/\/schmidtberaten.tax\/#\/schema\/logo\/image\/\"}}]}<\/script>\n<!-- \/ Yoast SEO plugin. -->","yoast_head_json":{"title":"Kanzlei - SchmidtBeraten","description":"Mit langj\u00e4hriger Erfahrung als Steuerberaterin liegt mein Fokus auf der individuellen Betreuung, um eine optimale Gestaltung.","robots":{"index":"index","follow":"follow","max-snippet":"max-snippet:-1","max-image-preview":"max-image-preview:large","max-video-preview":"max-video-preview:-1"},"canonical":"https:\/\/schmidtberaten.tax\/en\/kanzlei\/","og_locale":"en_GB","og_type":"article","og_title":"Kanzlei - SchmidtBeraten","og_description":"Mit langj\u00e4hriger Erfahrung als Steuerberaterin liegt mein Fokus auf der individuellen Betreuung, um eine optimale Gestaltung.","og_url":"https:\/\/schmidtberaten.tax\/en\/kanzlei\/","og_site_name":"SchmidtBeraten","article_modified_time":"2025-10-17T14:39:02+00:00","og_image":[{"width":1000,"height":850,"url":"https:\/\/schmidtberaten.tax\/wp-content\/uploads\/2024\/10\/schmidt-logo_weiss.png","type":"image\/png"}],"twitter_card":"summary_large_image","twitter_misc":{"Estimated reading time":"2 minutes"},"schema":{"@context":"https:\/\/schema.org","@graph":[{"@type":"WebPage","@id":"https:\/\/schmidtberaten.tax\/kanzlei\/","url":"https:\/\/schmidtberaten.tax\/kanzlei\/","name":"Kanzlei - SchmidtBeraten","isPartOf":{"@id":"https:\/\/schmidtberaten.tax\/#website"},"primaryImageOfPage":{"@id":"https:\/\/schmidtberaten.tax\/kanzlei\/#primaryimage"},"image":{"@id":"https:\/\/schmidtberaten.tax\/kanzlei\/#primaryimage"},"thumbnailUrl":"https:\/\/schmidtberaten.tax\/wp-content\/uploads\/2024\/10\/schmidt-logo_weiss.png","datePublished":"2024-09-24T10:04:33+00:00","dateModified":"2025-10-17T14:39:02+00:00","description":"Mit langj\u00e4hriger Erfahrung als Steuerberaterin liegt mein Fokus auf der individuellen Betreuung, um eine optimale Gestaltung.","breadcrumb":{"@id":"https:\/\/schmidtberaten.tax\/kanzlei\/#breadcrumb"},"inLanguage":"en-GB","potentialAction":[{"@type":"ReadAction","target":["https:\/\/schmidtberaten.tax\/kanzlei\/"]}]},{"@type":"ImageObject","inLanguage":"en-GB","@id":"https:\/\/schmidtberaten.tax\/kanzlei\/#primaryimage","url":"https:\/\/schmidtberaten.tax\/wp-content\/uploads\/2024\/10\/schmidt-logo_weiss.png","contentUrl":"https:\/\/schmidtberaten.tax\/wp-content\/uploads\/2024\/10\/schmidt-logo_weiss.png"},{"@type":"BreadcrumbList","@id":"https:\/\/schmidtberaten.tax\/kanzlei\/#breadcrumb","itemListElement":[{"@type":"ListItem","position":1,"name":"Startseite","item":"https:\/\/schmidtberaten.tax\/"},{"@type":"ListItem","position":2,"name":"Kanzlei"}]},{"@type":"WebSite","@id":"https:\/\/schmidtberaten.tax\/#website","url":"https:\/\/schmidtberaten.tax\/","name":"SchmidtBeraten","description":"Digital Tax Consulting","publisher":{"@id":"https:\/\/schmidtberaten.tax\/#organization"},"potentialAction":[{"@type":"SearchAction","target":{"@type":"EntryPoint","urlTemplate":"https:\/\/schmidtberaten.tax\/?s={search_term_string}"},"query-input":{"@type":"PropertyValueSpecification","valueRequired":true,"valueName":"search_term_string"}}],"inLanguage":"en-GB"},{"@type":"Organization","@id":"https:\/\/schmidtberaten.tax\/#organization","name":"SchmidtBeraten","url":"https:\/\/schmidtberaten.tax\/","logo":{"@type":"ImageObject","inLanguage":"en-GB","@id":"https:\/\/schmidtberaten.tax\/#\/schema\/logo\/image\/","url":"https:\/\/schmidtberaten.tax\/wp-content\/uploads\/2024\/10\/schmidtberatentax-logo.png","contentUrl":"https:\/\/schmidtberaten.tax\/wp-content\/uploads\/2024\/10\/schmidtberatentax-logo.png","width":2000,"height":850,"caption":"SchmidtBeraten"},"image":{"@id":"https:\/\/schmidtberaten.tax\/#\/schema\/logo\/image\/"}}]}},"_links":{"self":[{"href":"https:\/\/schmidtberaten.tax\/en\/wp-json\/wp\/v2\/pages\/31","targetHints":{"allow":["GET"]}}],"collection":[{"href":"https:\/\/schmidtberaten.tax\/en\/wp-json\/wp\/v2\/pages"}],"about":[{"href":"https:\/\/schmidtberaten.tax\/en\/wp-json\/wp\/v2\/types\/page"}],"author":[{"embeddable":true,"href":"https:\/\/schmidtberaten.tax\/en\/wp-json\/wp\/v2\/users\/1"}],"replies":[{"embeddable":true,"href":"https:\/\/schmidtberaten.tax\/en\/wp-json\/wp\/v2\/comments?post=31"}],"version-history":[{"count":66,"href":"https:\/\/schmidtberaten.tax\/en\/wp-json\/wp\/v2\/pages\/31\/revisions"}],"predecessor-version":[{"id":541,"href":"https:\/\/schmidtberaten.tax\/en\/wp-json\/wp\/v2\/pages\/31\/revisions\/541"}],"wp:attachment":[{"href":"https:\/\/schmidtberaten.tax\/en\/wp-json\/wp\/v2\/media?parent=31"}],"curies":[{"name":"wp","href":"https:\/\/api.w.org\/{rel}","templated":true}]}}